{"id":12144,"date":"2025-05-05T07:17:15","date_gmt":"2025-05-05T06:17:15","guid":{"rendered":"https:\/\/tourdefonts.com\/?post_type=product&#038;p=12144"},"modified":"2025-11-19T16:05:28","modified_gmt":"2025-11-19T15:05:28","slug":"rebuke","status":"publish","type":"product","link":"https:\/\/tourdefonts.com\/?product=rebuke","title":{"rendered":"Rebuke"},"content":{"rendered":"","protected":false},"excerpt":{"rendered":"<p>12 Styles | Starting price <span style=\"color: #b98a36;\">from $30<\/span><\/p>\n","protected":false},"featured_media":12170,"template":"","meta":{"_acf_changed":false,"site-sidebar-layout":"default","site-content-layout":"default","ast-site-content-layout":"default","site-content-style":"default","site-sidebar-style":"default","ast-global-header-display":"","ast-banner-title-visibility":"","ast-main-header-display":"","ast-hfb-above-header-display":"","ast-hfb-below-header-display":"","ast-hfb-mobile-header-display":"","site-post-title":"","ast-breadcrumbs-content":"","ast-featured-img":"","footer-sml-layout":"","theme-transparent-header-meta":"default","adv-header-id-meta":"","stick-header-meta":"","header-above-stick-meta":"","header-main-stick-meta":"","header-below-stick-meta":"","astra-migrate-meta-layouts":"set","ast-page-background-enabled":"default","ast-page-background-meta":{"desktop":{"background-color":"var(--ast-global-color-4)","background-image":"","background-repeat":"repeat","background-position":"center center","background-size":"auto","background-attachment":"scroll","background-type":"","background-media":"","overlay-type":"","overlay-color":"","overlay-opacity":"","overlay-gradient":""},"tablet":{"background-color":"","background-image":"","background-repeat":"repeat","background-position":"center center","background-size":"auto","background-attachment":"scroll","background-type":"","background-media":"","overlay-type":"","overlay-color":"","overlay-opacity":"","overlay-gradient":""},"mobile":{"background-color":"","background-image":"","background-repeat":"repeat","background-position":"center center","background-size":"auto","background-attachment":"scroll","background-type":"","background-media":"","overlay-type":"","overlay-color":"","overlay-opacity":"","overlay-gradient":""}},"ast-content-background-meta":{"desktop":{"background-color":"var(--ast-global-color-5)","background-image":"","background-repeat":"repeat","background-position":"center center","background-size":"auto","background-attachment":"scroll","background-type":"","background-media":"","overlay-type":"","overlay-color":"","overlay-opacity":"","overlay-gradient":""},"tablet":{"background-color":"var(--ast-global-color-5)","background-image":"","background-repeat":"repeat","background-position":"center center","background-size":"auto","background-attachment":"scroll","background-type":"","background-media":"","overlay-type":"","overlay-color":"","overlay-opacity":"","overlay-gradient":""},"mobile":{"background-color":"var(--ast-global-color-5)","background-image":"","background-repeat":"repeat","background-position":"center center","background-size":"auto","background-attachment":"scroll","background-type":"","background-media":"","overlay-type":"","overlay-color":"","overlay-opacity":"","overlay-gradient":""}}},"product_brand":[],"product_cat":[23],"product_tag":[],"class_list":{"0":"post-12144","1":"product","2":"type-product","3":"status-publish","4":"has-post-thumbnail","6":"product_cat-uncategorized","7":"desktop-align-left","8":"tablet-align-left","9":"mobile-align-left","10":"tm-has-options","12":"first","13":"instock","14":"shipping-taxable","15":"purchasable","16":"product-type-simple"},"acf":{"about_the_font":"Rebuke Font Family<br\/>\r\nDesigned by Du\u0161an Jelesijevi\u0107<br\/>\r\nReleased in May 2025<br\/>\r\n12 Styles","LICENSE":"Please visit <a href=\"https:\/\/tourdefonts.com\/?page_id=1686\">License page<\/a><\/br>\r\nfor more information.","SUPPORTED CODEPAGES":"ISO 8859 \u2013 1 Latin 1 (Western)<br\/>\r\nISO 8859 \u2013 2 Latin 2 (Central Europe)<br\/>\r\nISO 8859 \u2013 4 Latin 4 (Baltic)","STYLES":"Regular<br\/>\r\nRegular Italic<br\/>\r\nMedium<br\/>\r\nMedium Italic<br\/>\r\nSemi Bold<br\/>\r\nSemi Bold Italic<br\/>\r\nBold<br\/>\r\nBold Italic<br\/>\r\nExtra Bold<br\/>\r\nExtra Bold Italic<br\/>\r\nBlack<br\/>\r\nBlack Italic","in_use":"","languages":"Albanian, Alsatian, Aragonese, Arapaho, Aromanian, Arrernte, Asturian, Aymara, Basque, Bislama, Bosnian, Breton, Cebuano, Chamorro, Cheyenne, Cimbrian, Corsican, Croatian, Czech, Danish, Dutch, English, Estonian, Faroese, Fijian, Finnish, French, French Creole (Saint Lucia), Frisian, Galician, Genoese, German, Gilbertese (Kiribati), Greenlandic, Haitian CreoleHiligaynon, Hmong, Hopi, Hungarian, Ibanag, Icelandic, Iloko (Ilokano), Indonesian, Interglossa (Glosa), Interlingua, Irish (Gaelic), Istro-Romanian, Italian, J\u00e8rriais, Kashubian, Kurdish (Kurmanji), Ladin, Lojban, Lombard, Low Saxon, Luxembourgian, Malagasy, Manx, Mohawk, Norfolk\/Pitcairnese, Northern Sotho (Pedi), Norwegian, Occitan, Oromo, Pangasinan, Papiamento, Piedmontese, Polish, Portuguese, PotawatomiRhaeto-Romance, Romansh (Rumantsch), Rotokas, Sami (Lule), Samoan, Sardinian (Sardu), Scots (Gaelic), Seychellois Creole (Seselwa), Shona, Sicilian, Slovak, Slovenian (Slovene), Somali, Southern Ndebele, Southern Sotho (Sesotho), Spanish, Swahili, Swati\/Swazi, Swedish, Tagalog (Filipino\/Pilipino), Tetum (Tetun), Tok Pisin, Tswana, Turkmen, Turkmen (Latinized), Uyghur Latinized), Veps, Volap\u00fck, Votic (Latinized), Walloon, Warlpiri, Xhosa, Yapese, Zulu","about_the_font_description":"Rebuke is modern serif font family available in 12 styles \u2013 6 weights and matching Italics.\r\n<br\/><br\/>\r\nDesign of Rebuke combines several different elements merged into one \u2013 lower serifs from Didone category, upper triangular straight serifs, extended serifs that connects two neighbouring letters, calligraphic endings and vintage design spots; all combined together make Rebuke pretty distinctive and unique typeface.\r\n<br\/><br\/>\r\nRebuke font family is perfect choice for modern editorial usage. It is legible in small sizes and well balanced for continuously reading.\r\n<br\/><br\/>\r\nContains Initials as OpenType feature.","upload_feature_image_1":12145,"upload_feature_image_2":"","upload_feature_image_3":"","upload_feature_image_4":"","upload_feature_image_5":"","upload_feature_image_6":"","upload_feature_image_7":"","upload_feature_image_8":"","upload_feature_image_9":"","upload_feature_image_10":"","poster_slider":[12146,12147,12148,12149,12150,12151,12152,12153,12154,12155,12156,12157],"font_texts":[{"font_text_lists":[{"paragraph_text":"Are you in society, Mrs. Wilkins?","font_family":12158,"font_weight_name":"Regular","font_size":"130"}]},{"font_text_lists":[{"paragraph_text":"P\u00e5 kornvreten g\u00e5 Lill-Jonas utom \u00e5kern och storpojken hans och k\u00e4nna p\u00e5\r\nkornet. De str\u00e4va axen glida pr\u00f6vande mellan valkiga fingrar \u2014 tunga\r\noch fullmatade vila de \u00f6mt i grova, skyddande h\u00e4nder, som sluta sig\r\nkring dem som till smekning.","font_family":12159,"font_weight_name":"Semi Bold Italic","font_size":"50"}]},{"font_text_lists":[{"paragraph_text":"It would be absurd to contend that America offers a simple problem to\r\nthe observer.","font_family":12160,"font_weight_name":"Extra Bold","font_size":"85"}]},{"font_text_lists":[{"paragraph_text":"Het is bang en bijna-heerlijk te zamen, want wind in donker maakt de\r\nwereld groot, maakt de wereld wonderbaar, zoodat het een andere wereld\r\nlijkt, waar wel geen bloei en geen stilte in zon meer schijnt te kunnen\r\nwezen, maar ook niets dat klein is en benauwd \u2014, als niet te bar de\r\nangst haar hart doet slaan, dan gaat ze als opgetild, haar eigen\r\nongeluk vergeten, want ook daar waait de wind zoo hoog over heen en\r\njaagt het als in stukken naar alle kanten weg.","font_family":12161,"font_weight_name":"Medium","font_size":"30"}]},{"font_text_lists":[{"paragraph_text":"\u201cMaria! Maria! Ma-ri-a!\u201d wailed Piccino, a few hundred feet above them.","font_family":12162,"font_weight_name":"Black Italic","font_size":"55"}]}],"font_texts_2":[{"font_text_lists_2":[{"paragraph_text_2":"Rebuke","font_family_2":12163,"font_weight_name_2":"Black","font_size_2":"200"}]}],"check_nested":[{"lists_of_data":[{"font_value":"Regular","font_file":12158,"font_number":"50"}]},{"lists_of_data":[{"font_value":"Regular Italic","font_file":12164,"font_number":"100"}]},{"lists_of_data":[{"font_value":"Medium","font_file":12161,"font_number":"150"}]},{"lists_of_data":[{"font_value":"Medium Italic","font_file":12165,"font_number":"200"}]},{"lists_of_data":[{"font_value":"Semi Bold","font_file":12166,"font_number":"250"}]},{"lists_of_data":[{"font_value":"Semi Bold Italic","font_file":12159,"font_number":"300"}]},{"lists_of_data":[{"font_value":"Bold","font_file":12167,"font_number":"350"}]},{"lists_of_data":[{"font_value":"Bold Italic","font_file":12168,"font_number":"400"}]},{"lists_of_data":[{"font_value":"Extra Bold","font_file":12160,"font_number":"450"}]},{"lists_of_data":[{"font_value":"Extra Bold Italic","font_file":12169,"font_number":"500"}]},{"lists_of_data":[{"font_value":"Black","font_file":12163,"font_number":"550"}]},{"lists_of_data":[{"font_value":"Black Italic","font_file":12162,"font_number":"600"}]}],"font_display_size":70,"opentype_features":["liga","init"],"variable_font_file":"","variable_font_file_2":"","variable_font_preview_text":"","variable_font_default_size":70,"variable_font_label_1":"","variable_font_label_2":""},"_links":{"self":[{"href":"https:\/\/tourdefonts.com\/index.php?rest_route=\/wp\/v2\/product\/12144","targetHints":{"allow":["GET"]}}],"collection":[{"href":"https:\/\/tourdefonts.com\/index.php?rest_route=\/wp\/v2\/product"}],"about":[{"href":"https:\/\/tourdefonts.com\/index.php?rest_route=\/wp\/v2\/types\/product"}],"acf:attachment":[{"embeddable":true,"href":"https:\/\/tourdefonts.com\/index.php?rest_route=\/wp\/v2\/media\/12157"},{"embeddable":true,"href":"https:\/\/tourdefonts.com\/index.php?rest_route=\/wp\/v2\/media\/12156"},{"embeddable":true,"href":"https:\/\/tourdefonts.com\/index.php?rest_route=\/wp\/v2\/media\/12155"},{"embeddable":true,"href":"https:\/\/tourdefonts.com\/index.php?rest_route=\/wp\/v2\/media\/12154"},{"embeddable":true,"href":"https:\/\/tourdefonts.com\/index.php?rest_route=\/wp\/v2\/media\/12153"},{"embeddable":true,"href":"https:\/\/tourdefonts.com\/index.php?rest_route=\/wp\/v2\/media\/12152"},{"embeddable":true,"href":"https:\/\/tourdefonts.com\/index.php?rest_route=\/wp\/v2\/media\/12151"},{"embeddable":true,"href":"https:\/\/tourdefonts.com\/index.php?rest_route=\/wp\/v2\/media\/12150"},{"embeddable":true,"href":"https:\/\/tourdefonts.com\/index.php?rest_route=\/wp\/v2\/media\/12149"},{"embeddable":true,"href":"https:\/\/tourdefonts.com\/index.php?rest_route=\/wp\/v2\/media\/12148"},{"embeddable":true,"href":"https:\/\/tourdefonts.com\/index.php?rest_route=\/wp\/v2\/media\/12147"},{"embeddable":true,"href":"https:\/\/tourdefonts.com\/index.php?rest_route=\/wp\/v2\/media\/12146"}],"wp:featuredmedia":[{"embeddable":true,"href":"https:\/\/tourdefonts.com\/index.php?rest_route=\/wp\/v2\/media\/12170"}],"wp:attachment":[{"href":"https:\/\/tourdefonts.com\/index.php?rest_route=%2Fwp%2Fv2%2Fmedia&parent=12144"}],"wp:term":[{"taxonomy":"product_brand","embeddable":true,"href":"https:\/\/tourdefonts.com\/index.php?rest_route=%2Fwp%2Fv2%2Fproduct_brand&post=12144"},{"taxonomy":"product_cat","embeddable":true,"href":"https:\/\/tourdefonts.com\/index.php?rest_route=%2Fwp%2Fv2%2Fproduct_cat&post=12144"},{"taxonomy":"product_tag","embeddable":true,"href":"https:\/\/tourdefonts.com\/index.php?rest_route=%2Fwp%2Fv2%2Fproduct_tag&post=12144"}],"curies":[{"name":"wp","href":"https:\/\/api.w.org\/{rel}","templated":true}]}}