{"id":4469,"date":"2022-12-09T17:58:45","date_gmt":"2022-12-09T17:58:45","guid":{"rendered":"https:\/\/tourdefonts.com\/?post_type=product&#038;p=4469"},"modified":"2025-12-07T12:01:01","modified_gmt":"2025-12-07T11:01:01","slug":"punkerro-crust","status":"publish","type":"product","link":"https:\/\/tourdefonts.com\/?product=punkerro-crust","title":{"rendered":"Punkerro Crust"},"content":{"rendered":"","protected":false},"excerpt":{"rendered":"<p>1 Style | Starting price <span style=\"color: #b98a36;\">from $25<\/span><\/p>\n","protected":false},"featured_media":9454,"template":"","meta":{"_acf_changed":false,"site-sidebar-layout":"default","site-content-layout":"default","ast-site-content-layout":"default","site-content-style":"default","site-sidebar-style":"default","ast-global-header-display":"","ast-banner-title-visibility":"","ast-main-header-display":"","ast-hfb-above-header-display":"","ast-hfb-below-header-display":"","ast-hfb-mobile-header-display":"","site-post-title":"","ast-breadcrumbs-content":"","ast-featured-img":"","footer-sml-layout":"","theme-transparent-header-meta":"default","adv-header-id-meta":"","stick-header-meta":"","header-above-stick-meta":"","header-main-stick-meta":"","header-below-stick-meta":"","astra-migrate-meta-layouts":"set","ast-page-background-enabled":"default","ast-page-background-meta":{"desktop":{"background-color":"var(--ast-global-color-4)","background-image":"","background-repeat":"repeat","background-position":"center center","background-size":"auto","background-attachment":"scroll","background-type":"","background-media":"","overlay-type":"","overlay-color":"","overlay-opacity":"","overlay-gradient":""},"tablet":{"background-color":"","background-image":"","background-repeat":"repeat","background-position":"center center","background-size":"auto","background-attachment":"scroll","background-type":"","background-media":"","overlay-type":"","overlay-color":"","overlay-opacity":"","overlay-gradient":""},"mobile":{"background-color":"","background-image":"","background-repeat":"repeat","background-position":"center center","background-size":"auto","background-attachment":"scroll","background-type":"","background-media":"","overlay-type":"","overlay-color":"","overlay-opacity":"","overlay-gradient":""}},"ast-content-background-meta":{"desktop":{"background-color":"var(--ast-global-color-5)","background-image":"","background-repeat":"repeat","background-position":"center center","background-size":"auto","background-attachment":"scroll","background-type":"","background-media":"","overlay-type":"","overlay-color":"","overlay-opacity":"","overlay-gradient":""},"tablet":{"background-color":"var(--ast-global-color-5)","background-image":"","background-repeat":"repeat","background-position":"center center","background-size":"auto","background-attachment":"scroll","background-type":"","background-media":"","overlay-type":"","overlay-color":"","overlay-opacity":"","overlay-gradient":""},"mobile":{"background-color":"var(--ast-global-color-5)","background-image":"","background-repeat":"repeat","background-position":"center center","background-size":"auto","background-attachment":"scroll","background-type":"","background-media":"","overlay-type":"","overlay-color":"","overlay-opacity":"","overlay-gradient":""}}},"product_brand":[],"product_cat":[23],"product_tag":[],"class_list":{"0":"post-4469","1":"product","2":"type-product","3":"status-publish","4":"has-post-thumbnail","6":"product_cat-uncategorized","7":"desktop-align-left","8":"tablet-align-left","9":"mobile-align-left","10":"tm-has-options","12":"first","13":"instock","14":"shipping-taxable","15":"purchasable","16":"product-type-simple"},"acf":{"about_the_font":"Punkerro Crust Family<br\/>\r\nDesigned by Du\u0161an Jelesijevi\u0107<br\/>\r\nReleased in June 2009<br\/>\r\n1 Style","LICENSE":"Please visit <a href=\"https:\/\/tourdefonts.com\/?page_id=1686\">License page<\/a><\/br>\r\nfor more information.","SUPPORTED CODEPAGES":"ISO 8859 \u2013 1 Latin 1 (Western)<br\/>\r\nISO 8859 \u2013 2 Latin 2 (Central Europe)<br\/>\r\nISO 8859 \u2013 4 Latin 4 (Baltic)","STYLES":"Regular","in_use":[4586,4587,4588,4589],"languages":"Albanian, Alsatian, Aragonese, Arapaho, Aromanian, Arrernte, Asturian, Aymara, Basque, Bislama, Bosnian, Breton, Cebuano, Chamorro, Cheyenne, Cimbrian, Corsican, Croatian, Czech, Danish, Dutch, English, Estonian, Faroese, Fijian, Finnish, French, French Creole (Saint Lucia), Frisian, Galician, Genoese, German, Gilbertese (Kiribati), Greenlandic, Haitian CreoleHiligaynon, Hmong, Hopi, Hungarian, Ibanag, Icelandic, Iloko (Ilokano), Indonesian, Interglossa (Glosa), Interlingua, Irish (Gaelic), Istro-Romanian, Italian, J\u00e8rriais, Kashubian, Kurdish (Kurmanji), Ladin, Lojban, Lombard, Low Saxon, Luxembourgian, Malagasy, Manx, Mohawk, Norfolk\/Pitcairnese, Northern Sotho (Pedi), Norwegian, Occitan, Oromo, Pangasinan, Papiamento, Piedmontese, Polish, Portuguese, PotawatomiRhaeto-Romance, Romansh (Rumantsch), Rotokas, Sami (Lule), Samoan, Sardinian (Sardu), Scots (Gaelic), Seychellois Creole (Seselwa), Shona, Sicilian, Slovak, Slovenian (Slovene), Somali, Southern Ndebele, Southern Sotho (Sesotho), Spanish, Swahili, Swati\/Swazi, Swedish, Tagalog (Filipino\/Pilipino), Tetum (Tetun), Tok Pisin, Tswana, Turkmen, Turkmen (Latinized), Uyghur Latinized), Veps, Volap\u00fck, Votic (Latinized), Walloon, Warlpiri, Xhosa, Yapese, Zulu","about_the_font_description":"Punkerro Crust is acyl written type inspired with Crust music. Looks like mixture of couple of printing techniques into one > etching + intaglio + mezzotint.","upload_feature_image_1":8850,"upload_feature_image_2":"","upload_feature_image_3":"","upload_feature_image_4":"","upload_feature_image_5":"","upload_feature_image_6":"","upload_feature_image_7":"","upload_feature_image_8":"","upload_feature_image_9":"","upload_feature_image_10":"","poster_slider":[4470,4471,4472],"font_texts":[{"font_text_lists":[{"paragraph_text":"Fat Mike & Slim Shady.","font_family":4473,"font_weight_name":"Regular","font_size":"175"}]},{"font_text_lists":[{"paragraph_text":"What about James, the redoubtable?","font_family":4473,"font_weight_name":"Regular","font_size":"114"}]},{"font_text_lists":[{"paragraph_text":"Spite is a little word, but it represents as strange a jumble of feelings and compound of discords as any polysyllable in the language.","font_family":4473,"font_weight_name":"Regular","font_size":"70"}]},{"font_text_lists":[{"paragraph_text":"All My Rowdy Friends Are Coming Over Tonight by Tim Timebomb","font_family":4473,"font_weight_name":"Regular","font_size":"64"}]},{"font_text_lists":[{"paragraph_text":"Puhuitte l\u00e4htev\u00e4nne takaisin sinne maalle. Sanokaa, eih\u00e4n se ollut totta, etteh\u00e4n j\u00e4t\u00e4 meit\u00e4?","font_family":4473,"font_weight_name":"Regular","font_size":"45"}]}],"font_texts_2":[{"font_text_lists_2":[{"paragraph_text_2":"Punkerro Crust","font_family_2":4473,"font_weight_name_2":"Regular","font_size_2":"80"}]}],"check_nested":[{"lists_of_data":[{"font_value":"Regular","font_file":4473,"font_number":"100"}]}],"font_display_size":70,"opentype_features":["liga"],"variable_font_file":"","variable_font_file_2":"","variable_font_preview_text":"","variable_font_default_size":70,"variable_font_label_1":"","variable_font_label_2":""},"_links":{"self":[{"href":"https:\/\/tourdefonts.com\/index.php?rest_route=\/wp\/v2\/product\/4469","targetHints":{"allow":["GET"]}}],"collection":[{"href":"https:\/\/tourdefonts.com\/index.php?rest_route=\/wp\/v2\/product"}],"about":[{"href":"https:\/\/tourdefonts.com\/index.php?rest_route=\/wp\/v2\/types\/product"}],"acf:attachment":[{"embeddable":true,"href":"https:\/\/tourdefonts.com\/index.php?rest_route=\/wp\/v2\/media\/4472"},{"embeddable":true,"href":"https:\/\/tourdefonts.com\/index.php?rest_route=\/wp\/v2\/media\/4471"},{"embeddable":true,"href":"https:\/\/tourdefonts.com\/index.php?rest_route=\/wp\/v2\/media\/4470"},{"embeddable":true,"href":"https:\/\/tourdefonts.com\/index.php?rest_route=\/wp\/v2\/media\/4589"},{"embeddable":true,"href":"https:\/\/tourdefonts.com\/index.php?rest_route=\/wp\/v2\/media\/4588"},{"embeddable":true,"href":"https:\/\/tourdefonts.com\/index.php?rest_route=\/wp\/v2\/media\/4587"},{"embeddable":true,"href":"https:\/\/tourdefonts.com\/index.php?rest_route=\/wp\/v2\/media\/4586"}],"wp:featuredmedia":[{"embeddable":true,"href":"https:\/\/tourdefonts.com\/index.php?rest_route=\/wp\/v2\/media\/9454"}],"wp:attachment":[{"href":"https:\/\/tourdefonts.com\/index.php?rest_route=%2Fwp%2Fv2%2Fmedia&parent=4469"}],"wp:term":[{"taxonomy":"product_brand","embeddable":true,"href":"https:\/\/tourdefonts.com\/index.php?rest_route=%2Fwp%2Fv2%2Fproduct_brand&post=4469"},{"taxonomy":"product_cat","embeddable":true,"href":"https:\/\/tourdefonts.com\/index.php?rest_route=%2Fwp%2Fv2%2Fproduct_cat&post=4469"},{"taxonomy":"product_tag","embeddable":true,"href":"https:\/\/tourdefonts.com\/index.php?rest_route=%2Fwp%2Fv2%2Fproduct_tag&post=4469"}],"curies":[{"name":"wp","href":"https:\/\/api.w.org\/{rel}","templated":true}]}}