{"id":5076,"date":"2022-12-14T09:37:24","date_gmt":"2022-12-14T09:37:24","guid":{"rendered":"https:\/\/tourdefonts.com\/?post_type=product&#038;p=5076"},"modified":"2025-12-02T08:57:42","modified_gmt":"2025-12-02T07:57:42","slug":"selektor-slab","status":"publish","type":"product","link":"https:\/\/tourdefonts.com\/?product=selektor-slab","title":{"rendered":"Selektor Slab"},"content":{"rendered":"","protected":false},"excerpt":{"rendered":"<p>6 Styles | Starting price <span style=\"color: #b98a36;\">from $25<\/span><\/p>\n","protected":false},"featured_media":9487,"template":"","meta":{"_acf_changed":false,"site-sidebar-layout":"default","site-content-layout":"default","ast-site-content-layout":"default","site-content-style":"default","site-sidebar-style":"default","ast-global-header-display":"","ast-banner-title-visibility":"","ast-main-header-display":"","ast-hfb-above-header-display":"","ast-hfb-below-header-display":"","ast-hfb-mobile-header-display":"","site-post-title":"","ast-breadcrumbs-content":"","ast-featured-img":"","footer-sml-layout":"","theme-transparent-header-meta":"default","adv-header-id-meta":"","stick-header-meta":"","header-above-stick-meta":"","header-main-stick-meta":"","header-below-stick-meta":"","astra-migrate-meta-layouts":"set","ast-page-background-enabled":"default","ast-page-background-meta":{"desktop":{"background-color":"var(--ast-global-color-4)","background-image":"","background-repeat":"repeat","background-position":"center center","background-size":"auto","background-attachment":"scroll","background-type":"","background-media":"","overlay-type":"","overlay-color":"","overlay-opacity":"","overlay-gradient":""},"tablet":{"background-color":"","background-image":"","background-repeat":"repeat","background-position":"center center","background-size":"auto","background-attachment":"scroll","background-type":"","background-media":"","overlay-type":"","overlay-color":"","overlay-opacity":"","overlay-gradient":""},"mobile":{"background-color":"","background-image":"","background-repeat":"repeat","background-position":"center center","background-size":"auto","background-attachment":"scroll","background-type":"","background-media":"","overlay-type":"","overlay-color":"","overlay-opacity":"","overlay-gradient":""}},"ast-content-background-meta":{"desktop":{"background-color":"var(--ast-global-color-5)","background-image":"","background-repeat":"repeat","background-position":"center center","background-size":"auto","background-attachment":"scroll","background-type":"","background-media":"","overlay-type":"","overlay-color":"","overlay-opacity":"","overlay-gradient":""},"tablet":{"background-color":"var(--ast-global-color-5)","background-image":"","background-repeat":"repeat","background-position":"center center","background-size":"auto","background-attachment":"scroll","background-type":"","background-media":"","overlay-type":"","overlay-color":"","overlay-opacity":"","overlay-gradient":""},"mobile":{"background-color":"var(--ast-global-color-5)","background-image":"","background-repeat":"repeat","background-position":"center center","background-size":"auto","background-attachment":"scroll","background-type":"","background-media":"","overlay-type":"","overlay-color":"","overlay-opacity":"","overlay-gradient":""}}},"product_brand":[],"product_cat":[23],"product_tag":[],"class_list":{"0":"post-5076","1":"product","2":"type-product","3":"status-publish","4":"has-post-thumbnail","6":"product_cat-uncategorized","7":"desktop-align-left","8":"tablet-align-left","9":"mobile-align-left","10":"tm-has-options","12":"first","13":"instock","14":"shipping-taxable","15":"purchasable","16":"product-type-simple"},"acf":{"about_the_font":"Selektor Font Family<br\/>\r\nDesigned by Du\u0161an Jelesijevi\u0107<br\/>\r\nReleased in August 2013<br\/>\r\n6 Styles","LICENSE":"Please visit <a href=\"https:\/\/tourdefonts.com\/?page_id=1686\">License page<\/a><\/br>\r\nfor more information.","SUPPORTED CODEPAGES":"ISO 8859 \u2013 1 Latin 1 (Western)<br\/>\r\nISO 8859 \u2013 2 Latin 2 (Central Europe)<br\/>\r\nISO 8859 \u2013 4 Latin 4 (Baltic)","STYLES":"Light<br\/>\r\nLight Italic<br\/>\r\nRegular<br\/>\r\nRegular Italic<br\/>\r\nBold<br\/>\r\nBold Italic","in_use":[7758],"languages":"Albanian, Alsatian, Aragonese, Arapaho, Aromanian, Arrernte, Asturian, Aymara, Basque, Bislama, Bosnian, Breton, Cebuano, Chamorro, Cheyenne, Cimbrian, Corsican, Croatian, Czech, Danish, Dutch, English, Estonian, Faroese, Fijian, Finnish, French, French Creole (Saint Lucia), Frisian, Galician, Genoese, German, Gilbertese (Kiribati), Greenlandic, Haitian CreoleHiligaynon, Hmong, Hopi, Hungarian, Ibanag, Icelandic, Iloko (Ilokano), Indonesian, Interglossa (Glosa), Interlingua, Irish (Gaelic), Istro-Romanian, Italian, J\u00e8rriais, Kashubian, Kurdish (Kurmanji), Ladin, Lojban, Lombard, Low Saxon, Luxembourgian, Malagasy, Manx, Mohawk, Norfolk\/Pitcairnese, Northern Sotho (Pedi), Norwegian, Occitan, Oromo, Pangasinan, Papiamento, Piedmontese, Polish, Portuguese, PotawatomiRhaeto-Romance, Romansh (Rumantsch), Rotokas, Sami (Lule), Samoan, Sardinian (Sardu), Scots (Gaelic), Seychellois Creole (Seselwa), Shona, Sicilian, Slovak, Slovenian (Slovene), Somali, Southern Ndebele, Southern Sotho (Sesotho), Spanish, Swahili, Swati\/Swazi, Swedish, Tagalog (Filipino\/Pilipino), Tetum (Tetun), Tok Pisin, Tswana, Turkmen, Turkmen (Latinized), Uyghur Latinized), Veps, Volap\u00fck, Votic (Latinized), Walloon, Warlpiri, Xhosa, Yapese, Zulu","about_the_font_description":"Selektor Slab is small font family created as logical extending of the Selektor font family. Inspired and after that designed with the charm of technical letters, it contains a few letters with specific endings that gives Selektor Slab peculiar impression. Global overview of Selektor Slab says it\u2019s a neutral, corporate, stable, well balanced font family, but not cold and heartless to leave readers without remembrance on its characteristics. It is fully appliable in all kinds of publications, from long texts in paragraphs to titles and product names. Available in 3 weights - Light, Regular and Bold and matching Italics. All family members include Small Caps and Fractions as additional OpenType features.\r\n\r\n","upload_feature_image_1":8875,"upload_feature_image_2":8876,"upload_feature_image_3":8877,"upload_feature_image_4":"","upload_feature_image_5":"","upload_feature_image_6":"","upload_feature_image_7":"","upload_feature_image_8":"","upload_feature_image_9":"","upload_feature_image_10":"","poster_slider":[5077,5078,5079,5080,5081,5082,5083,5084],"font_texts":[{"font_text_lists":[{"paragraph_text":"In literature the victory was complete.","font_family":5087,"font_weight_name":"Regular","font_size":"107"}]},{"font_text_lists":[{"paragraph_text":"A P\u00e1ramo la caravane se partagea en deux escouades, afin de permettre \u00e0 chacun des naturalistes de poursuivre ses recherches sur le terrain le plus favorable \u00e0 leur succ\u00e8s. Ohlin demeura \u00e0 P\u00e1ramo pour entreprendre en mer des excursions zoologiques, tandis que Nordenskj\u00f6ld et Dusen se dirigeaient vers la mission situ\u00e9e \u00e0 l'embouchure du rio Grande, o\u00f9 ce dernier se proposait de recueillir des collections botaniques.","font_family":5090,"font_weight_name":"Bold Italic","font_size":"27"}]},{"font_text_lists":[{"paragraph_text":"Ingres, a pupil of David, taught his students that draughtsmanship was of more importance than colour.","font_family":5085,"font_weight_name":"Light","font_size":"75"}]},{"font_text_lists":[{"paragraph_text":"Le 9 janvier 1896, la petite troupe rejoignait la baie de San Sebastian et imm\u00e9diatement s'acheminait droit au Sud, \u00e0 travers la plaine d\u00e9limit\u00e9e par cette nappe d'eau et la Bahia Inutil. C'est la seule r\u00e9gion basse, un peu \u00e9tendue, de la Terre de Feu. Couverte dans sa plus grande partie d'une herbe drue, elle pourrait, elle aussi, nourrir des milliers de moutons. Dans l'Est, elle est d'une d\u00e9solante aridit\u00e9, form\u00e9e d'une nappe d'argile grise, absolument nue; \u00e7a et l\u00e0 seulement apparaissent de petits monticules couverts de plantes salicoles et de coquilles, notamment de Voluta magellanica, la plus grande coquille des mers australes.","font_family":5088,"font_weight_name":"Regular Italic","font_size":"22"}]},{"font_text_lists":[{"paragraph_text":"A thing well drawn,\u201d he said, \u201cis always well enough painted.","font_family":5089,"font_weight_name":"Bold","font_size":"70"}]}],"font_texts_2":[{"font_text_lists_2":[{"paragraph_text_2":"Selektor Slab","font_family_2":5085,"font_weight_name_2":"Light","font_size_2":"100"}]}],"check_nested":[{"lists_of_data":[{"font_value":"Light","font_file":5085,"font_number":"100"}]},{"lists_of_data":[{"font_value":"Light Italic","font_file":5086,"font_number":"200"}]},{"lists_of_data":[{"font_value":"Regular","font_file":5087,"font_number":"300"}]},{"lists_of_data":[{"font_value":"Regular Italic","font_file":5088,"font_number":"400"}]},{"lists_of_data":[{"font_value":"Bold","font_file":5089,"font_number":"500"}]},{"lists_of_data":[{"font_value":"Bold Italic","font_file":5090,"font_number":"600"}]}],"font_display_size":70,"opentype_features":["liga","smcp","frac"],"variable_font_file":"","variable_font_file_2":"","variable_font_preview_text":"","variable_font_default_size":70,"variable_font_label_1":"","variable_font_label_2":""},"_links":{"self":[{"href":"https:\/\/tourdefonts.com\/index.php?rest_route=\/wp\/v2\/product\/5076","targetHints":{"allow":["GET"]}}],"collection":[{"href":"https:\/\/tourdefonts.com\/index.php?rest_route=\/wp\/v2\/product"}],"about":[{"href":"https:\/\/tourdefonts.com\/index.php?rest_route=\/wp\/v2\/types\/product"}],"acf:attachment":[{"embeddable":true,"href":"https:\/\/tourdefonts.com\/index.php?rest_route=\/wp\/v2\/media\/5084"},{"embeddable":true,"href":"https:\/\/tourdefonts.com\/index.php?rest_route=\/wp\/v2\/media\/5083"},{"embeddable":true,"href":"https:\/\/tourdefonts.com\/index.php?rest_route=\/wp\/v2\/media\/5082"},{"embeddable":true,"href":"https:\/\/tourdefonts.com\/index.php?rest_route=\/wp\/v2\/media\/5081"},{"embeddable":true,"href":"https:\/\/tourdefonts.com\/index.php?rest_route=\/wp\/v2\/media\/5080"},{"embeddable":true,"href":"https:\/\/tourdefonts.com\/index.php?rest_route=\/wp\/v2\/media\/5079"},{"embeddable":true,"href":"https:\/\/tourdefonts.com\/index.php?rest_route=\/wp\/v2\/media\/5078"},{"embeddable":true,"href":"https:\/\/tourdefonts.com\/index.php?rest_route=\/wp\/v2\/media\/5077"},{"embeddable":true,"href":"https:\/\/tourdefonts.com\/index.php?rest_route=\/wp\/v2\/media\/7758"}],"wp:featuredmedia":[{"embeddable":true,"href":"https:\/\/tourdefonts.com\/index.php?rest_route=\/wp\/v2\/media\/9487"}],"wp:attachment":[{"href":"https:\/\/tourdefonts.com\/index.php?rest_route=%2Fwp%2Fv2%2Fmedia&parent=5076"}],"wp:term":[{"taxonomy":"product_brand","embeddable":true,"href":"https:\/\/tourdefonts.com\/index.php?rest_route=%2Fwp%2Fv2%2Fproduct_brand&post=5076"},{"taxonomy":"product_cat","embeddable":true,"href":"https:\/\/tourdefonts.com\/index.php?rest_route=%2Fwp%2Fv2%2Fproduct_cat&post=5076"},{"taxonomy":"product_tag","embeddable":true,"href":"https:\/\/tourdefonts.com\/index.php?rest_route=%2Fwp%2Fv2%2Fproduct_tag&post=5076"}],"curies":[{"name":"wp","href":"https:\/\/api.w.org\/{rel}","templated":true}]}}