{"id":9746,"date":"2023-06-04T18:54:57","date_gmt":"2023-06-04T17:54:57","guid":{"rendered":"https:\/\/tourdefonts.com\/?post_type=product&#038;p=9746"},"modified":"2025-11-19T17:35:38","modified_gmt":"2025-11-19T16:35:38","slug":"operandi","status":"publish","type":"product","link":"https:\/\/tourdefonts.com\/?product=operandi","title":{"rendered":"Operandi"},"content":{"rendered":"","protected":false},"excerpt":{"rendered":"<p>6 Styles | Starting price <span style=\"color: #b98a36;\">from $30<\/span><\/p>\n","protected":false},"featured_media":9747,"template":"","meta":{"_acf_changed":false,"site-sidebar-layout":"default","site-content-layout":"default","ast-site-content-layout":"default","site-content-style":"default","site-sidebar-style":"default","ast-global-header-display":"","ast-banner-title-visibility":"","ast-main-header-display":"","ast-hfb-above-header-display":"","ast-hfb-below-header-display":"","ast-hfb-mobile-header-display":"","site-post-title":"","ast-breadcrumbs-content":"","ast-featured-img":"","footer-sml-layout":"","theme-transparent-header-meta":"default","adv-header-id-meta":"","stick-header-meta":"","header-above-stick-meta":"","header-main-stick-meta":"","header-below-stick-meta":"","astra-migrate-meta-layouts":"set","ast-page-background-enabled":"default","ast-page-background-meta":{"desktop":{"background-color":"var(--ast-global-color-4)","background-image":"","background-repeat":"repeat","background-position":"center center","background-size":"auto","background-attachment":"scroll","background-type":"","background-media":"","overlay-type":"","overlay-color":"","overlay-opacity":"","overlay-gradient":""},"tablet":{"background-color":"","background-image":"","background-repeat":"repeat","background-position":"center center","background-size":"auto","background-attachment":"scroll","background-type":"","background-media":"","overlay-type":"","overlay-color":"","overlay-opacity":"","overlay-gradient":""},"mobile":{"background-color":"","background-image":"","background-repeat":"repeat","background-position":"center center","background-size":"auto","background-attachment":"scroll","background-type":"","background-media":"","overlay-type":"","overlay-color":"","overlay-opacity":"","overlay-gradient":""}},"ast-content-background-meta":{"desktop":{"background-color":"var(--ast-global-color-5)","background-image":"","background-repeat":"repeat","background-position":"center center","background-size":"auto","background-attachment":"scroll","background-type":"","background-media":"","overlay-type":"","overlay-color":"","overlay-opacity":"","overlay-gradient":""},"tablet":{"background-color":"var(--ast-global-color-5)","background-image":"","background-repeat":"repeat","background-position":"center center","background-size":"auto","background-attachment":"scroll","background-type":"","background-media":"","overlay-type":"","overlay-color":"","overlay-opacity":"","overlay-gradient":""},"mobile":{"background-color":"var(--ast-global-color-5)","background-image":"","background-repeat":"repeat","background-position":"center center","background-size":"auto","background-attachment":"scroll","background-type":"","background-media":"","overlay-type":"","overlay-color":"","overlay-opacity":"","overlay-gradient":""}}},"product_brand":[],"product_cat":[23],"product_tag":[],"class_list":{"0":"post-9746","1":"product","2":"type-product","3":"status-publish","4":"has-post-thumbnail","6":"product_cat-uncategorized","7":"desktop-align-left","8":"tablet-align-left","9":"mobile-align-left","10":"tm-has-options","12":"first","13":"instock","14":"shipping-taxable","15":"purchasable","16":"product-type-simple"},"acf":{"about_the_font":"Operandi Font Family<br\/>\r\nDesigned by Du\u0161an Jelesijevi\u0107<br\/>\r\nReleased in June 2023<br\/>\r\n6 Styles","LICENSE":"Please visit <a href=\"https:\/\/tourdefonts.com\/?page_id=1686\">License page<\/a><\/br>\r\nfor more information.","SUPPORTED CODEPAGES":"ISO 8859 \u2013 1 Latin 1 (Western)<br\/>\r\nISO 8859 \u2013 2 Latin 2 (Central Europe)<br\/>\r\nISO 8859 \u2013 4 Latin 4 (Baltic)","STYLES":"Light<br\/>\r\nRegular<br\/>\r\nSemi Bold<br\/>\r\nBold<br\/>\r\nExtra Bold<br\/>\r\nBlack","in_use":"","languages":"Albanian, Alsatian, Aragonese, Arapaho, Aromanian, Arrernte, Asturian, Aymara, Basque, Bislama, Bosnian, Breton, Cebuano, Chamorro, Cheyenne, Cimbrian, Corsican, Croatian, Czech, Danish, Dutch, English, Estonian, Faroese, Fijian, Finnish, French, French Creole (Saint Lucia), Frisian, Galician, Genoese, German, Gilbertese (Kiribati), Greenlandic, Haitian CreoleHiligaynon, Hmong, Hopi, Hungarian, Ibanag, Icelandic, Iloko (Ilokano), Indonesian, Interglossa (Glosa), Interlingua, Irish (Gaelic), Istro-Romanian, Italian, J\u00e8rriais, Kashubian, Kurdish (Kurmanji), Ladin, Lojban, Lombard, Low Saxon, Luxembourgian, Malagasy, Manx, Mohawk, Norfolk\/Pitcairnese, Northern Sotho (Pedi), Norwegian, Occitan, Oromo, Pangasinan, Papiamento, Piedmontese, Polish, Portuguese, PotawatomiRhaeto-Romance, Romansh (Rumantsch), Rotokas, Sami (Lule), Samoan, Sardinian (Sardu), Scots (Gaelic), Seychellois Creole (Seselwa), Shona, Sicilian, Slovak, Slovenian (Slovene), Somali, Southern Ndebele, Southern Sotho (Sesotho), Spanish, Swahili, Swati\/Swazi, Swedish, Tagalog (Filipino\/Pilipino), Tetum (Tetun), Tok Pisin, Tswana, Turkmen, Turkmen (Latinized), Uyghur Latinized), Veps, Volap\u00fck, Votic (Latinized), Walloon, Warlpiri, Xhosa, Yapese, Zulu","about_the_font_description":"Operandi is geometric sans family available in 6 weights inspired with vintage posters design from period between two great wars. Unpretentious family guided by simple design solutions \u2013 slightly wide by its character, decently recognizable, fully capable to lead any project \u2013 Operandi offers combination of functionality and visual balance that should be enough to recommend it as right choice.<br\/><br\/>\r\n\r\nFrom Light to Black, packed in extended Latin character map, Operandi also contains a few OpenType features such as Ligatures, Fractions and 2x Stylistic Sets \u2013 one for complete uppercase alternatives and one for \"a\" and \"g\".<br\/><br\/>\r\n\r\n<a href=\"http:\/\/blog.identifont.com\/show?48ZQ\">Read interview about Operandi Font Family at Identifont.com.<\/a>","upload_feature_image_1":9808,"upload_feature_image_2":9753,"upload_feature_image_3":9754,"upload_feature_image_4":9755,"upload_feature_image_5":"","upload_feature_image_6":"","upload_feature_image_7":"","upload_feature_image_8":"","upload_feature_image_9":"","upload_feature_image_10":"","poster_slider":[9783,9784,9785,9786,9787,9788,9789,9790,9791,9792],"font_texts":[{"font_text_lists":[{"paragraph_text":"J\u2019admirai que chacun par\u00fbt si renseign\u00e9 sur ce pays.","font_family":9766,"font_weight_name":"Black","font_size":"75"}]},{"font_text_lists":[{"paragraph_text":"Era per\u00f2 rimasto inedito un trattato di Averulino Filarete fiorentino verso il 1450; il quale nel divisare una citt\u00e0 non perde mai di vista il concetto simbolico, e il Nisi dominus \u00e6dificaverit civitatem.","font_family":9767,"font_weight_name":"Regular","font_size":"45"}]},{"font_text_lists":[{"paragraph_text":"Amy and Ruth pretended to be delighted with that sort of thing.","font_family":9768,"font_weight_name":"Bold","font_size":"58"}]},{"font_text_lists":[{"paragraph_text":"Here he met several acquaintances, and in the talk and excitement he forgot Old Pledger and the girl until he was home and in bed, when they came back to him with a persistency which kept him wakeful as he wondered who the deuce the Pledgers were and how he could find out.","font_family":9769,"font_weight_name":"Light","font_size":"26"}]},{"font_text_lists":[{"paragraph_text":"By this time the opera was beginning to have some interest for Alex.","font_family":9770,"font_weight_name":"Extra Bold","font_size":"55"}]}],"font_texts_2":[{"font_text_lists_2":[{"paragraph_text_2":"Operandi","font_family_2":9767,"font_weight_name_2":"Regular","font_size_2":"150"}]}],"check_nested":[{"lists_of_data":[{"font_value":"Light","font_file":9769,"font_number":"100"}]},{"lists_of_data":[{"font_value":"Regular","font_file":9767,"font_number":"200"}]},{"lists_of_data":[{"font_value":"Semi Bold","font_file":9771,"font_number":"300"}]},{"lists_of_data":[{"font_value":"Bold","font_file":9768,"font_number":"400"}]},{"lists_of_data":[{"font_value":"Extra Bold","font_file":9770,"font_number":"500"}]},{"lists_of_data":[{"font_value":"Black","font_file":9766,"font_number":"600"}]}],"font_display_size":70,"opentype_features":["liga","ss01","ss02","frac"],"variable_font_file":"","variable_font_file_2":"","variable_font_preview_text":"","variable_font_default_size":70,"variable_font_label_1":"","variable_font_label_2":""},"_links":{"self":[{"href":"https:\/\/tourdefonts.com\/index.php?rest_route=\/wp\/v2\/product\/9746","targetHints":{"allow":["GET"]}}],"collection":[{"href":"https:\/\/tourdefonts.com\/index.php?rest_route=\/wp\/v2\/product"}],"about":[{"href":"https:\/\/tourdefonts.com\/index.php?rest_route=\/wp\/v2\/types\/product"}],"acf:attachment":[{"embeddable":true,"href":"https:\/\/tourdefonts.com\/index.php?rest_route=\/wp\/v2\/media\/9792"},{"embeddable":true,"href":"https:\/\/tourdefonts.com\/index.php?rest_route=\/wp\/v2\/media\/9791"},{"embeddable":true,"href":"https:\/\/tourdefonts.com\/index.php?rest_route=\/wp\/v2\/media\/9790"},{"embeddable":true,"href":"https:\/\/tourdefonts.com\/index.php?rest_route=\/wp\/v2\/media\/9789"},{"embeddable":true,"href":"https:\/\/tourdefonts.com\/index.php?rest_route=\/wp\/v2\/media\/9788"},{"embeddable":true,"href":"https:\/\/tourdefonts.com\/index.php?rest_route=\/wp\/v2\/media\/9787"},{"embeddable":true,"href":"https:\/\/tourdefonts.com\/index.php?rest_route=\/wp\/v2\/media\/9786"},{"embeddable":true,"href":"https:\/\/tourdefonts.com\/index.php?rest_route=\/wp\/v2\/media\/9785"},{"embeddable":true,"href":"https:\/\/tourdefonts.com\/index.php?rest_route=\/wp\/v2\/media\/9784"},{"embeddable":true,"href":"https:\/\/tourdefonts.com\/index.php?rest_route=\/wp\/v2\/media\/9783"}],"wp:featuredmedia":[{"embeddable":true,"href":"https:\/\/tourdefonts.com\/index.php?rest_route=\/wp\/v2\/media\/9747"}],"wp:attachment":[{"href":"https:\/\/tourdefonts.com\/index.php?rest_route=%2Fwp%2Fv2%2Fmedia&parent=9746"}],"wp:term":[{"taxonomy":"product_brand","embeddable":true,"href":"https:\/\/tourdefonts.com\/index.php?rest_route=%2Fwp%2Fv2%2Fproduct_brand&post=9746"},{"taxonomy":"product_cat","embeddable":true,"href":"https:\/\/tourdefonts.com\/index.php?rest_route=%2Fwp%2Fv2%2Fproduct_cat&post=9746"},{"taxonomy":"product_tag","embeddable":true,"href":"https:\/\/tourdefonts.com\/index.php?rest_route=%2Fwp%2Fv2%2Fproduct_tag&post=9746"}],"curies":[{"name":"wp","href":"https:\/\/api.w.org\/{rel}","templated":true}]}}